{"id":4971,"date":"2025-04-14T07:50:20","date_gmt":"2025-04-14T05:50:20","guid":{"rendered":"https:\/\/asle.es\/?page_id=4971"},"modified":"2025-04-30T14:00:43","modified_gmt":"2025-04-30T12:00:43","slug":"create-your-company","status":"publish","type":"page","link":"https:\/\/asle.es\/en\/your-company\/create-your-company\/","title":{"rendered":"Create your company"},"content":{"rendered":"<section class=\"l-section wpb_row us_custom_b91424ac height_small\"><div class=\"l-section-h i-cf\"><div class=\"g-cols vc_row via_flex valign_top type_default stacking_default\"><div class=\"vc_col-sm-12 wpb_column vc_column_container\"><div class=\"vc_column-inner\"><div class=\"wpb_wrapper\"><div class=\"w-html\"><ol class=\"g-breadcrumbs asle-breadcrumbs separator_icon align_none\"><li class=\"g-breadcrumbs-item\"><a href=\"https:\/\/asle.es\/en\/\">Asle<\/a><meta content=\"1\"\/><\/li><li class=\"g-breadcrumbs-separator\"><i class=\"far fa-angle-right\"><\/i><\/li><\/ol><\/div><\/div><\/div><\/div><\/div><\/div><\/section><section class=\"l-section wpb_row us_custom_19737bc8 height_small\"><div class=\"l-section-h i-cf\"><div class=\"g-cols vc_row via_flex valign_top type_default stacking_default\"><div class=\"vc_col-sm-12 wpb_column vc_column_container\"><div class=\"vc_column-inner\"><div class=\"wpb_wrapper\"><h2 class=\"w-post-elm post_title us_custom_f3af17be entry-title color_link_inherit\">Create your company<\/h2><div class=\"w-separator size_small\"><\/div><\/div><\/div><\/div><\/div><\/div><\/section><section class=\"l-section wpb_row us_custom_e64d1d02 height_small\" id=\"create\"><div class=\"l-section-h i-cf\"><div class=\"g-cols vc_row via_flex valign_bottom type_default stacking_default\"><div class=\"vc_col-sm-12 wpb_column vc_column_container\"><div class=\"vc_column-inner\"><div class=\"wpb_wrapper\"><div class=\"g-cols wpb_row via_flex valign_bottom type_default stacking_default\"><div class=\"vc_col-sm-8 wpb_column vc_column_container\"><div class=\"vc_column-inner us_custom_558ec5ca\"><div class=\"wpb_wrapper\"><h4 class=\"w-text\"><span class=\"w-text-h\"><span class=\"w-text-value\">Incorporation and scaling up.<\/span><\/span><\/h4><div class=\"wpb_text_column\"><div class=\"wpb_wrapper\"><p>We guide entrepreneurs in the incorporation and scaling up of their business idea. We offer a full range of services for anyone interested in entrepreneurship.<\/p>\n<\/div><\/div><div class=\"w-separator size_small\"><\/div><div class=\"w-btn-wrapper align_none\"><a class=\"w-btn us-btn-style_1 us_custom_492179a4\" title=\"Contacto\" href=\"\/en\/we-are-asle\/contact\/\"><span class=\"w-btn-label\">Make your project a reality with ASLE<\/span><\/a><\/div><div class=\"w-separator size_medium\"><\/div><div class=\"wpb_text_column\"><div class=\"wpb_wrapper\"><p>Are you thinking about creating your business as a team? Discover how the Worker-Owned Company can help you drive your project forward.<\/p>\n<\/div><\/div><div class=\"w-separator size_medium\"><\/div><\/div><\/div><\/div><div class=\"vc_col-sm-4 wpb_column vc_column_container\"><div class=\"vc_column-inner\"><div class=\"wpb_wrapper\"><div class=\"w-image us_custom_1c8c3b62 align_none\"><div class=\"w-image-h\"><img decoding=\"async\" width=\"494\" height=\"600\" src=\"https:\/\/asle.es\/wp-content\/uploads\/2025\/04\/tu-empresa-suelto.png\" class=\"attachment-full size-full\" alt=\"\" loading=\"lazy\" srcset=\"https:\/\/asle.es\/wp-content\/uploads\/2025\/04\/tu-empresa-suelto.png 494w, https:\/\/asle.es\/wp-content\/uploads\/2025\/04\/tu-empresa-suelto-247x300.png 247w\" sizes=\"auto, (max-width: 494px) 100vw, 494px\" \/><\/div><\/div><\/div><\/div><\/div><\/div><div class=\"g-cols wpb_row via_flex valign_top type_default stacking_default\"><div class=\"vc_col-sm-12 wpb_column vc_column_container\"><div class=\"vc_column-inner\"><div class=\"wpb_wrapper\"><div class=\"w-vwrapper us_custom_4b38dadc has_text_color align_none valign_top\"><h4 class=\"w-text\"><span class=\"w-text-h\"><span class=\"w-text-value\">Are you thinking about creating your business as a team?<\/span><\/span><\/h4><div class=\"wpb_text_column\"><div class=\"wpb_wrapper\"><p>Discover how the Worker-Owned Company can help you drive your project forward.<\/p>\n<\/div><\/div><div class=\"w-separator size_small\"><\/div><div class=\"w-popup w-btn-wrapper align_left\"><button class=\"w-popup-trigger type_btn w-btn us-btn-style_7 icon_atleft\" aria-label=\"GU\u00cdA HACIA LAS SOCIEDADES LABORALES\" type=\"button\"><i class=\"fas fa-file-pdf\"><\/i><span class=\"w-btn-label\">GU\u00cdA HACIA LAS SOCIEDADES LABORALES<\/span><\/button><div class=\"w-popup-overlay\" style=\"background:rgba(0,0,0,0.85);\"><\/div><div class=\"w-popup-wrap layout_fullscreen\" role=\"dialog\" aria-modal=\"true\" aria-label=\"Popup\" style=\"--title-color:var(--color-content-heading);--title-bg-color:var(--color-content-bg-alt);--content-color:var(--color-content-text);--content-bg-color:var(--color-content-bg);--popup-width:600px;--popup-padding:5%;\"><button aria-label=\"Close\" class=\"w-popup-closer\" type=\"button\"><\/button><div class=\"w-popup-box animation_fadeIn closerpos_outside without_title\"><div class=\"w-popup-box-h\"><div class=\"w-popup-box-content\"><div class=\"w-hwrapper valign_top align_center\" style=\"--hwrapper-gap:1.20rem\">\n    <div class=\"w-btn-wrapper align_left\"><a class=\"w-btn us-btn-style_1 icon_atleft\" href=\"https:\/\/asle.es\/wp-content\/plugins\/asle\/assets\/pdf\/Revista-CAS.pdf\"><i class=\"fas fa-file-pdf\"><\/i><span class=\"w-btn-label\">Download &#8220;Guide to worker-owned companies`<\/span><\/a><\/div>\n<\/div>\n<div class=\"w-separator size_small\"><\/div>\n<iframe loading=\"lazy\" src=\"https:\/\/asle.es\/wp-content\/plugins\/asle\/src\/Views\/\/rev-assets-en\/iframe.html?hash=Rjk2NjY2NjZBRUQrY2k0enF3MDk1ZQ==\"\n        width=\"100%\" height=\"100%\" seamless=\"seamless\" scrolling=\"no\" frameborder=\"0\"\n        allowtransparency allowfullscreen allow=\"autoplay; clipboard-read; clipboard-write\"><\/iframe>\n<\/p>\n<\/div><\/div><\/div><\/div><\/div><\/div><\/div><\/div><\/div><\/div><div class=\"w-separator size_large\"><\/div><h2 class=\"w-text us_custom_58b1af09\"><span class=\"w-text-h\"><span class=\"w-text-value\">Projects<\/span><\/span><\/h2><div class=\"w-separator size_medium\"><\/div><div class=\"w-grid us_grid type_grid layout_4806 cols_4 overflow_hidden preload_style_spinner\" id=\"us_grid_1\" style=\"--columns:4;--gap:1.5rem;\" data-filterable=\"true\"><style>@media (max-width:1280px){#us_grid_1{--columns:3!important}}@media (max-width:1024px){#us_grid_1{--columns:2!important}}@media (max-width:600px){#us_grid_1{--columns:1!important}}.layout_4806 .w-grid-item-h{background:var(--color-content-bg);color:var(--color-content-text);border-radius:1.2rem;box-shadow:0 0.03rem 0.06rem rgba(0,0,0,0.1),0 0.1rem 0.3rem rgba(0,0,0,0.1);transition-duration:0.3s}.no-touch .layout_4806 .w-grid-item-h:hover{box-shadow:0 0.1rem 0.2rem rgba(0,0,0,0.1),0 0.33rem 1rem rgba(0,0,0,0.15);z-index:4}.layout_4806 .usg_post_image_1{margin-bottom:-2rem!important}.layout_4806 .usg_post_title_1{font-size:1.4rem!important;font-weight:700!important}.layout_4806 .usg_vwrapper_1{margin-top:2rem!important;padding:9% 11% 11% 11%!important}@media (max-width:600px){.layout_4806 .usg_post_title_1{font-size:1.2rem!important}}<\/style><div class=\"w-grid-list\">\t<article class=\"w-grid-item size_1x1 post-6291 proiektua type-proiektua status-publish has-post-thumbnail hentry proiektua_kategoria-crear\" data-id=\"6291\">\r\n\t\t<div class=\"w-grid-item-h\">\r\n\t\t\t\t\t\t<div class=\"w-post-elm post_image usg_post_image_1 has_ratio\"><a href=\"https:\/\/asle.es\/en\/proiektua\/aktibarural-20\/\" aria-label=\"AktibaRural-20\"><img loading=\"lazy\" decoding=\"async\" width=\"500\" height=\"500\" src=\"https:\/\/asle.es\/wp-content\/uploads\/2026\/01\/ASLE_LOGO_AKTIBARURAL_20.png\" class=\"attachment-large size-large wp-post-image\" alt=\"\" \/><\/a><div style=\"padding-bottom:56.25%\"><\/div><\/div><div class=\"w-vwrapper usg_vwrapper_1 align_center valign_top\"><h2 class=\"w-post-elm post_title usg_post_title_1 entry-title color_link_inherit\"><a href=\"https:\/\/asle.es\/en\/proiektua\/aktibarural-20\/\">AktibaRural-20<\/a><\/h2><div class=\"w-post-elm post_content usg_post_content_1\">AKTIBA RURAL-20: EMPRENDIMIENTO CON RA\u00cdCES AktibaRural-20 es una iniciativa dise\u00f1ada para&hellip;<\/div><\/div>\t\t<\/div>\r\n\t\t\t<\/article>\r\n\t<article class=\"w-grid-item size_1x1 post-4067 proiektua type-proiektua status-publish has-post-thumbnail hentry proiektua_kategoria-crear\" data-id=\"4067\">\r\n\t\t<div class=\"w-grid-item-h\">\r\n\t\t\t\t\t\t<div class=\"w-post-elm post_image usg_post_image_1 has_ratio\"><a href=\"https:\/\/asle.es\/en\/proiektua\/ekilan-trabajar-el-emprendimiento\/\" aria-label=\"EKILAN: Trabajar el emprendimiento\"><img loading=\"lazy\" decoding=\"async\" width=\"500\" height=\"500\" src=\"https:\/\/asle.es\/wp-content\/uploads\/2024\/11\/logo-ekilan-1.png\" class=\"attachment-large size-large wp-post-image\" alt=\"\" \/><\/a><div style=\"padding-bottom:56.25%\"><\/div><\/div><div class=\"w-vwrapper usg_vwrapper_1 align_center valign_top\"><h2 class=\"w-post-elm post_title usg_post_title_1 entry-title color_link_inherit\"><a href=\"https:\/\/asle.es\/en\/proiektua\/ekilan-trabajar-el-emprendimiento\/\">EKILAN: Trabajar el emprendimiento<\/a><\/h2><div class=\"w-post-elm post_content usg_post_content_1\">\u00bfQU\u00c9 ES EKILAN? EkiLan es un programa de ASLE y financiado&hellip;<\/div><\/div>\t\t<\/div>\r\n\t\t\t<\/article>\r\n<\/div>\t<div class=\"w-grid-preloader\">\r\n\t\t<div class=\"g-preloader type_1\">\r\n\t\t\t<div><\/div>\r\n\t\t<\/div>\r\n\t<\/div>\r\n\t\t<div class=\"w-grid-json hidden\" onclick='return {&quot;action&quot;:&quot;us_ajax_grid&quot;,&quot;infinite_scroll&quot;:0,&quot;max_num_pages&quot;:1,&quot;pagination&quot;:&quot;none&quot;,&quot;template_vars&quot;:{&quot;columns&quot;:&quot;4&quot;,&quot;exclude_items&quot;:&quot;prev&quot;,&quot;img_size&quot;:&quot;default&quot;,&quot;ignore_items_size&quot;:0,&quot;items_layout&quot;:&quot;4806&quot;,&quot;items_offset&quot;:&quot;1&quot;,&quot;load_animation&quot;:&quot;none&quot;,&quot;overriding_link&quot;:&quot;%7B%22url%22%3A%22%22%7D&quot;,&quot;post_id&quot;:0,&quot;query_args&quot;:{&quot;post_type&quot;:[&quot;proiektua&quot;],&quot;tax_query&quot;:[{&quot;taxonomy&quot;:&quot;proiektua_kategoria&quot;,&quot;field&quot;:&quot;slug&quot;,&quot;terms&quot;:[&quot;crear&quot;]}],&quot;post_status&quot;:[&quot;publish&quot;,&quot;acf-disabled&quot;],&quot;posts_per_page&quot;:&quot;4&quot;},&quot;orderby_query_args&quot;:{&quot;orderby&quot;:{&quot;date&quot;:&quot;DESC&quot;}},&quot;type&quot;:&quot;grid&quot;,&quot;us_grid_post_type&quot;:&quot;proiektua&quot;,&quot;us_grid_ajax_index&quot;:1,&quot;us_grid_filter_query_string&quot;:null,&quot;us_grid_index&quot;:1,&quot;page_args&quot;:[],&quot;lang&quot;:&quot;en&quot;}}'><\/div>\r\n\t<\/div><div class=\"w-separator size_large\"><\/div><h2 class=\"w-text us_custom_58b1af09\"><span class=\"w-text-h\"><span class=\"w-text-value\">Success stories<\/span><\/span><\/h2><div class=\"w-separator size_medium\"><\/div><div class=\"g-cols wpb_row via_flex valign_top type_default stacking_default\"><div class=\"vc_col-sm-6 wpb_column vc_column_container\"><div class=\"vc_column-inner\"><div class=\"wpb_wrapper\"><div class=\"w-video align_center ratio_initial has_iframe\"><div class=\"w-video-h\"><iframe title=\"Youtube video player\" src=\"\/\/www.youtube.com\/embed\/6jVWykMytVI?autoplay=0&controls=1&origin=https:\/\/asle.es\/en\/&loop=0&mute=0\" allowfullscreen=\"1\" loading=\"lazy\"><\/iframe><\/div><\/div><\/div><\/div><\/div><div class=\"vc_col-sm-6 wpb_column vc_column_container\"><div class=\"vc_column-inner\"><div class=\"wpb_wrapper\"><div class=\"w-video align_center ratio_initial has_iframe\"><div class=\"w-video-h\"><iframe title=\"Youtube video player\" src=\"\/\/www.youtube.com\/embed\/6jVWykMytVI?autoplay=0&controls=1&origin=https:\/\/asle.es\/en\/&loop=0&mute=0\" allowfullscreen=\"1\" loading=\"lazy\"><\/iframe><\/div><\/div><\/div><\/div><\/div><\/div><\/div><\/div><\/div><\/div><\/div><\/section><section class=\"l-section wpb_row height_small\" id=\"testimonies\"><div class=\"l-section-h i-cf\"><div class=\"g-cols vc_row via_flex valign_top type_default stacking_default\"><div class=\"vc_col-sm-12 wpb_column vc_column_container\"><div class=\"vc_column-inner\"><div class=\"wpb_wrapper\"><h2 class=\"w-text us_custom_58b1af09\"><span class=\"w-text-h\"><span class=\"w-text-value\">Testimonies<\/span><\/span><\/h2><div class=\"w-separator size_small\"><\/div><div class=\"g-cols wpb_row via_flex valign_top type_default stacking_default\"><div class=\"vc_col-sm-6 wpb_column vc_column_container\"><div class=\"vc_column-inner\"><div class=\"wpb_wrapper\"><div class=\"w-hwrapper valign_top align_none\" style=\"--hwrapper-gap:1.20rem\"><div class=\"wpb_text_column\"><div class=\"wpb_wrapper\"><blockquote>\n<p><span style=\"font-weight: 400;\">Worker-owned companies are an opportunity for your personal and professional development. In addition, they encourage teamwork, collaboration with your colleagues and the sharing of a goal and the results of the work. They also foster job stability, reduce conflict and strengthen a sense of regional rootedness.<br \/>\n<\/span><\/p>\n<\/blockquote>\n<p><span style=\"font-weight: 400;\">Marian Tapia<br \/>\n<\/span><strong>ZORROTZ LEGAZPI S.L.L.<\/strong><\/p>\n<p><span style=\"font-weight: 400;\">\u00a0<\/span><\/p>\n<\/div><\/div><\/div><\/div><\/div><\/div><div class=\"vc_col-sm-6 wpb_column vc_column_container\"><div class=\"vc_column-inner\"><div class=\"wpb_wrapper\"><div class=\"w-hwrapper valign_top align_none\" style=\"--hwrapper-gap:1.20rem\"><div class=\"wpb_text_column\"><div class=\"wpb_wrapper\"><blockquote>\n<p><span style=\"font-weight: 400;\">I had already created another Worker-Owned Company, I knew the model, so I explained it to my partners and they got fully on board. So, we turned to ASLE for help with all the necessary elements to create the company and get it up and running.<\/span><\/p>\n<\/blockquote>\n<p><span style=\"font-weight: 400;\">Ieltxu Aginako<br \/>\n<\/span><strong>ESCAPA DEL NORTE S.L.L.<\/strong><\/p>\n<p><span style=\"font-weight: 400;\">\u00a0<\/span><\/p>\n<\/div><\/div><\/div><\/div><\/div><\/div><\/div><\/div><\/div><\/div><\/div><\/div><\/section><section class=\"l-section wpb_row height_auto\"><div class=\"l-section-h i-cf\"><div class=\"g-cols vc_row via_flex valign_top type_default stacking_default\"><div class=\"vc_col-sm-12 wpb_column vc_column_container\"><div class=\"vc_column-inner\"><div class=\"wpb_wrapper\"><div class=\"w-separator size_large\"><\/div><\/div><\/div><\/div><\/div><\/div><\/section><section class=\"l-section wpb_row us_custom_43bb1cd8 height_large\" id=\"blog\"><div class=\"l-section-h i-cf\"><div class=\"g-cols vc_row via_flex valign_top type_default stacking_default\"><div class=\"vc_col-sm-12 wpb_column vc_column_container\"><div class=\"vc_column-inner\"><div class=\"wpb_wrapper\"><div class=\"wpb_text_column\"><div class=\"wpb_wrapper\"><h2 style=\"text-align: center;\">GATZA BLOG &gt; ENTREPRENEURSHIP<\/h2>\n<\/div><\/div><div class=\"w-separator size_small\"><\/div><div class=\"w-grid us_grid type_masonry layout_423 no_results cols_3 overflow_hidden preload_style_spinner with_isotope\" id=\"us_grid_2\" style=\"--columns:3;--gap:1.5rem;\" data-filterable=\"true\"><style>@media (max-width:1024px){#us_grid_2{--columns:2!important}}@media (max-width:600px){#us_grid_2{--columns:1!important}}.layout_423 .w-grid-item-h{background:#ffffff;color:var(--color-content-text);border-radius:0rem;box-shadow:0 0.03rem 0.06rem rgba(0,0,0,0.1),0 0.1rem 0.3rem rgba(0,0,0,0.1);transition-duration:0.3s}.no-touch .layout_423 .w-grid-item-h:hover{box-shadow:0 0.1rem 0.2rem rgba(0,0,0,0.1),0 0.33rem 1rem rgba(0,0,0,0.15);z-index:4}.layout_423 .usg_post_title_1{font-size:1.4rem!important;font-weight:700!important}.layout_423 .usg_vwrapper_1{padding:9% 11% 11% 11%!important}.layout_423 .usg_post_date_1{font-size:0.8rem!important;text-transform:uppercase!important}.layout_423 .usg_hwrapper_1{font-size:0.9rem!important}@media (max-width:600px){.layout_423 .usg_post_title_1{font-size:1.2rem!important}}<\/style><div class=\"w-grid-list\"><\/div>\t<div class=\"w-grid-preloader\">\r\n\t\t<div class=\"g-preloader type_1\">\r\n\t\t\t<div><\/div>\r\n\t\t<\/div>\r\n\t<\/div>\r\n\t\t<div class=\"w-grid-json hidden\" onclick='return {&quot;action&quot;:&quot;us_ajax_grid&quot;,&quot;infinite_scroll&quot;:0,&quot;max_num_pages&quot;:0,&quot;pagination&quot;:&quot;none&quot;,&quot;template_vars&quot;:{&quot;columns&quot;:&quot;3&quot;,&quot;exclude_items&quot;:&quot;none&quot;,&quot;img_size&quot;:&quot;default&quot;,&quot;ignore_items_size&quot;:0,&quot;items_layout&quot;:&quot;423&quot;,&quot;items_offset&quot;:&quot;1&quot;,&quot;load_animation&quot;:&quot;none&quot;,&quot;overriding_link&quot;:&quot;%7B%22url%22%3A%22%22%7D&quot;,&quot;post_id&quot;:0,&quot;query_args&quot;:{&quot;post_type&quot;:[&quot;post&quot;],&quot;tax_query&quot;:[{&quot;taxonomy&quot;:&quot;sailkapena&quot;,&quot;field&quot;:&quot;slug&quot;,&quot;terms&quot;:[&quot;crear&quot;,&quot;emprendimiento&quot;,&quot;sociedad-laboral&quot;]}],&quot;post_status&quot;:[&quot;publish&quot;,&quot;acf-disabled&quot;],&quot;posts_per_page&quot;:&quot;3&quot;},&quot;orderby_query_args&quot;:{&quot;orderby&quot;:{&quot;date&quot;:&quot;DESC&quot;}},&quot;type&quot;:&quot;masonry&quot;,&quot;us_grid_post_type&quot;:&quot;post&quot;,&quot;us_grid_ajax_index&quot;:2,&quot;us_grid_filter_query_string&quot;:null,&quot;us_grid_index&quot;:2,&quot;page_args&quot;:[],&quot;lang&quot;:&quot;en&quot;}}'><\/div>\r\n\t<\/div><div class=\"w-grid-none type_message\">No results found<\/div><div class=\"w-separator size_medium\"><\/div><div class=\"w-btn-wrapper align_center\"><a class=\"w-btn us-btn-style_4\" href=\"\/gatza-blog\/\"><span class=\"w-btn-label\">SEE MORE<\/span><\/a><\/div><\/div><\/div><\/div><\/div><\/div><\/section>\n","protected":false},"excerpt":{"rendered":"\u00bfQU\u00c9 ES EKILAN? EkiLan es un programa de ASLE y financiado por CEPES (Confederaci\u00f3n Empresarial Espa\u00f1ola de la Econom\u00eda Social) y la Uni\u00f3n Europea que est\u00e1 dise\u00f1ado para acompa\u00f1arte en todas las etapas del emprendimiento. Si tienes una idea de negocio, un proyecto en equipo o inter\u00e9s en emprender, en EkiLan te brindamos el apoyo...","protected":false},"author":1,"featured_media":0,"parent":4966,"menu_order":0,"comment_status":"closed","ping_status":"closed","template":"","meta":{"_acf_changed":false,"footnotes":""},"class_list":["post-4971","page","type-page","status-publish","hentry"],"acf":[],"yoast_head":"<!-- This site is optimized with the Yoast SEO plugin v27.3 - https:\/\/yoast.com\/product\/yoast-seo-wordpress\/ -->\n<title>Create your company - Asle<\/title>\n<meta name=\"robots\" content=\"index, follow, max-snippet:-1, max-image-preview:large, max-video-preview:-1\" \/>\n<link rel=\"canonical\" href=\"https:\/\/asle.es\/en\/your-company\/create-your-company\/\" \/>\n<meta property=\"og:locale\" content=\"en_US\" \/>\n<meta property=\"og:type\" content=\"article\" \/>\n<meta property=\"og:title\" content=\"Create your company - Asle\" \/>\n<meta property=\"og:url\" content=\"https:\/\/asle.es\/en\/your-company\/create-your-company\/\" \/>\n<meta property=\"og:site_name\" content=\"Asle\" \/>\n<meta property=\"article:publisher\" content=\"https:\/\/www.facebook.com\/ASLESociedadesLaborales\/?locale=es_LA\" \/>\n<meta property=\"article:modified_time\" content=\"2025-04-30T12:00:43+00:00\" \/>\n<meta property=\"og:image\" content=\"https:\/\/asle.es\/wp-content\/uploads\/2022\/08\/ASLE-logo.png\" \/>\n\t<meta property=\"og:image:width\" content=\"215\" \/>\n\t<meta property=\"og:image:height\" content=\"68\" \/>\n\t<meta property=\"og:image:type\" content=\"image\/png\" \/>\n<meta name=\"twitter:card\" content=\"summary_large_image\" \/>\n<meta name=\"twitter:site\" content=\"@asle_eus\" \/>\n<meta name=\"twitter:label1\" content=\"Est. reading time\" \/>\n\t<meta name=\"twitter:data1\" content=\"1 minute\" \/>\n<script type=\"application\/ld+json\" class=\"yoast-schema-graph\">{\"@context\":\"https:\\\/\\\/schema.org\",\"@graph\":[{\"@type\":\"WebPage\",\"@id\":\"https:\\\/\\\/asle.es\\\/en\\\/your-company\\\/create-your-company\\\/\",\"url\":\"https:\\\/\\\/asle.es\\\/en\\\/your-company\\\/create-your-company\\\/\",\"name\":\"Create your company - Asle\",\"isPartOf\":{\"@id\":\"https:\\\/\\\/asle.es\\\/#website\"},\"datePublished\":\"2025-04-14T05:50:20+00:00\",\"dateModified\":\"2025-04-30T12:00:43+00:00\",\"breadcrumb\":{\"@id\":\"https:\\\/\\\/asle.es\\\/en\\\/your-company\\\/create-your-company\\\/#breadcrumb\"},\"inLanguage\":\"en-US\",\"potentialAction\":[{\"@type\":\"ReadAction\",\"target\":[\"https:\\\/\\\/asle.es\\\/en\\\/your-company\\\/create-your-company\\\/\"]}]},{\"@type\":\"BreadcrumbList\",\"@id\":\"https:\\\/\\\/asle.es\\\/en\\\/your-company\\\/create-your-company\\\/#breadcrumb\",\"itemListElement\":[{\"@type\":\"ListItem\",\"position\":1,\"name\":\"Portada\",\"item\":\"https:\\\/\\\/asle.es\\\/en\\\/\"},{\"@type\":\"ListItem\",\"position\":2,\"name\":\"Your company\",\"item\":\"https:\\\/\\\/asle.es\\\/en\\\/your-company\\\/\"},{\"@type\":\"ListItem\",\"position\":3,\"name\":\"Create your company\"}]},{\"@type\":\"WebSite\",\"@id\":\"https:\\\/\\\/asle.es\\\/#website\",\"url\":\"https:\\\/\\\/asle.es\\\/\",\"name\":\"Asle &#8211; Parte-hartze handiagoa, etorkizun handiagoa\",\"description\":\"Parte-hartze handiagoa, etorkizun handiagoa\",\"publisher\":{\"@id\":\"https:\\\/\\\/asle.es\\\/#organization\"},\"potentialAction\":[{\"@type\":\"SearchAction\",\"target\":{\"@type\":\"EntryPoint\",\"urlTemplate\":\"https:\\\/\\\/asle.es\\\/?s={search_term_string}\"},\"query-input\":{\"@type\":\"PropertyValueSpecification\",\"valueRequired\":true,\"valueName\":\"search_term_string\"}}],\"inLanguage\":\"en-US\"},{\"@type\":\"Organization\",\"@id\":\"https:\\\/\\\/asle.es\\\/#organization\",\"name\":\"Asle &#8211; Parte-hartze handiagoa, etorkizun handiagoa\",\"url\":\"https:\\\/\\\/asle.es\\\/\",\"logo\":{\"@type\":\"ImageObject\",\"inLanguage\":\"en-US\",\"@id\":\"https:\\\/\\\/asle.es\\\/#\\\/schema\\\/logo\\\/image\\\/\",\"url\":\"https:\\\/\\\/asle.es\\\/wp-content\\\/uploads\\\/2019\\\/12\\\/01-logo-asle-2.png\",\"contentUrl\":\"https:\\\/\\\/asle.es\\\/wp-content\\\/uploads\\\/2019\\\/12\\\/01-logo-asle-2.png\",\"width\":2437,\"height\":1084,\"caption\":\"Asle &#8211; Parte-hartze handiagoa, etorkizun handiagoa\"},\"image\":{\"@id\":\"https:\\\/\\\/asle.es\\\/#\\\/schema\\\/logo\\\/image\\\/\"},\"sameAs\":[\"https:\\\/\\\/www.facebook.com\\\/ASLESociedadesLaborales\\\/?locale=es_LA\",\"https:\\\/\\\/x.com\\\/asle_eus\"]}]}<\/script>\n<!-- \/ Yoast SEO plugin. -->","yoast_head_json":{"title":"Create your company - Asle","robots":{"index":"index","follow":"follow","max-snippet":"max-snippet:-1","max-image-preview":"max-image-preview:large","max-video-preview":"max-video-preview:-1"},"canonical":"https:\/\/asle.es\/en\/your-company\/create-your-company\/","og_locale":"en_US","og_type":"article","og_title":"Create your company - Asle","og_url":"https:\/\/asle.es\/en\/your-company\/create-your-company\/","og_site_name":"Asle","article_publisher":"https:\/\/www.facebook.com\/ASLESociedadesLaborales\/?locale=es_LA","article_modified_time":"2025-04-30T12:00:43+00:00","og_image":[{"width":215,"height":68,"url":"https:\/\/asle.es\/wp-content\/uploads\/2022\/08\/ASLE-logo.png","type":"image\/png"}],"twitter_card":"summary_large_image","twitter_site":"@asle_eus","twitter_misc":{"Est. reading time":"1 minute"},"schema":{"@context":"https:\/\/schema.org","@graph":[{"@type":"WebPage","@id":"https:\/\/asle.es\/en\/your-company\/create-your-company\/","url":"https:\/\/asle.es\/en\/your-company\/create-your-company\/","name":"Create your company - Asle","isPartOf":{"@id":"https:\/\/asle.es\/#website"},"datePublished":"2025-04-14T05:50:20+00:00","dateModified":"2025-04-30T12:00:43+00:00","breadcrumb":{"@id":"https:\/\/asle.es\/en\/your-company\/create-your-company\/#breadcrumb"},"inLanguage":"en-US","potentialAction":[{"@type":"ReadAction","target":["https:\/\/asle.es\/en\/your-company\/create-your-company\/"]}]},{"@type":"BreadcrumbList","@id":"https:\/\/asle.es\/en\/your-company\/create-your-company\/#breadcrumb","itemListElement":[{"@type":"ListItem","position":1,"name":"Portada","item":"https:\/\/asle.es\/en\/"},{"@type":"ListItem","position":2,"name":"Your company","item":"https:\/\/asle.es\/en\/your-company\/"},{"@type":"ListItem","position":3,"name":"Create your company"}]},{"@type":"WebSite","@id":"https:\/\/asle.es\/#website","url":"https:\/\/asle.es\/","name":"Asle &#8211; Parte-hartze handiagoa, etorkizun handiagoa","description":"Parte-hartze handiagoa, etorkizun handiagoa","publisher":{"@id":"https:\/\/asle.es\/#organization"},"potentialAction":[{"@type":"SearchAction","target":{"@type":"EntryPoint","urlTemplate":"https:\/\/asle.es\/?s={search_term_string}"},"query-input":{"@type":"PropertyValueSpecification","valueRequired":true,"valueName":"search_term_string"}}],"inLanguage":"en-US"},{"@type":"Organization","@id":"https:\/\/asle.es\/#organization","name":"Asle &#8211; Parte-hartze handiagoa, etorkizun handiagoa","url":"https:\/\/asle.es\/","logo":{"@type":"ImageObject","inLanguage":"en-US","@id":"https:\/\/asle.es\/#\/schema\/logo\/image\/","url":"https:\/\/asle.es\/wp-content\/uploads\/2019\/12\/01-logo-asle-2.png","contentUrl":"https:\/\/asle.es\/wp-content\/uploads\/2019\/12\/01-logo-asle-2.png","width":2437,"height":1084,"caption":"Asle &#8211; Parte-hartze handiagoa, etorkizun handiagoa"},"image":{"@id":"https:\/\/asle.es\/#\/schema\/logo\/image\/"},"sameAs":["https:\/\/www.facebook.com\/ASLESociedadesLaborales\/?locale=es_LA","https:\/\/x.com\/asle_eus"]}]}},"_links":{"self":[{"href":"https:\/\/asle.es\/en\/wp-json\/wp\/v2\/pages\/4971","targetHints":{"allow":["GET"]}}],"collection":[{"href":"https:\/\/asle.es\/en\/wp-json\/wp\/v2\/pages"}],"about":[{"href":"https:\/\/asle.es\/en\/wp-json\/wp\/v2\/types\/page"}],"author":[{"embeddable":true,"href":"https:\/\/asle.es\/en\/wp-json\/wp\/v2\/users\/1"}],"replies":[{"embeddable":true,"href":"https:\/\/asle.es\/en\/wp-json\/wp\/v2\/comments?post=4971"}],"version-history":[{"count":14,"href":"https:\/\/asle.es\/en\/wp-json\/wp\/v2\/pages\/4971\/revisions"}],"predecessor-version":[{"id":5168,"href":"https:\/\/asle.es\/en\/wp-json\/wp\/v2\/pages\/4971\/revisions\/5168"}],"up":[{"embeddable":true,"href":"https:\/\/asle.es\/en\/wp-json\/wp\/v2\/pages\/4966"}],"wp:attachment":[{"href":"https:\/\/asle.es\/en\/wp-json\/wp\/v2\/media?parent=4971"}],"curies":[{"name":"wp","href":"https:\/\/api.w.org\/{rel}","templated":true}]}}